{"id":867,"date":"2024-11-21T12:38:28","date_gmt":"2024-11-21T12:38:28","guid":{"rendered":"https:\/\/almagloriousbeauty.com\/?post_type=product&#038;p=867"},"modified":"2025-05-03T01:22:31","modified_gmt":"2025-05-03T01:22:31","slug":"jaydens-skin-face-cream","status":"publish","type":"product","link":"https:\/\/almagloriousbeauty.com\/en_ca\/jaydens-skin-face-cream\/","title":{"rendered":"JAYDEN\u2019S SKIN FACE CREAM"},"content":{"rendered":"<p><span style=\"color: #800080;\"><b>UTILISATION<\/b><\/span><\/p>\n<p><span style=\"font-weight: 400;\">Apr\u00e8s le bain, appliquer g\u00e9n\u00e9reusement aussi souvent que n\u00e9cessaire.<\/span><\/p>\n<p><span style=\"font-weight: 400;\">\u00c9viter tout contact avec les yeux. En cas de contact direct, rincer imm\u00e9diatement et abondamment. Garder hors de la port\u00e9e des enfants. Ne pas avaler.<\/span><\/p>\n<p>&nbsp;<\/p>\n<p><span style=\"color: #800080;\"><b>INGREDIENTS<\/b><\/span><\/p>\n<p><span style=\"font-weight: 400;\">Water, Glycerol, Camellia Seed Oil, Oat Extract, Caprylic\/Decanoic Triglycerides, Polyglycerol-6 Stearate, Polydimethylsiloxane, Decanol, Palmitic Acid, Glycerol Stearate Citrate, 1,2-Hexanediol, Peach Leaf Extract, Plant Squalane, Carbomer, Vitamin E, Avocado Extract, Sunflower Seed Oil.<\/span><\/p>","protected":false},"excerpt":{"rendered":"<p><span style=\"font-weight: 400;\">Formul\u00e9e sp\u00e9cifiquement pour la peau d\u00e9licate de l\u2019enfant, cette formule est non com\u00e9dog\u00e8ne, non irritante, sans pigment. Elle est <\/span><span style=\"font-weight: 400;\">riche en huile de graines de cam\u00e9lia, en extrait d&rsquo;avoine et en vitamine E; elle a un effet nourrissant naturel qui peut soulager la peau s\u00e8che et gerc\u00e9e, prot\u00e9ger la peau d\u00e9licate de l\u2019enfant et la garder hydrat\u00e9e pendant 24 heures<\/span><\/p>","protected":false},"featured_media":868,"comment_status":"open","ping_status":"closed","template":"","meta":{"site-sidebar-layout":"default","site-content-layout":"","ast-site-content-layout":"default","site-content-style":"default","site-sidebar-style":"default","ast-global-header-display":"","ast-banner-title-visibility":"","ast-main-header-display":"","ast-hfb-above-header-display":"","ast-hfb-below-header-display":"","ast-hfb-mobile-header-display":"","site-post-title":"","ast-breadcrumbs-content":"","ast-featured-img":"","footer-sml-layout":"","ast-disable-related-posts":"","theme-transparent-header-meta":"","adv-header-id-meta":"","stick-header-meta":"","header-above-stick-meta":"","header-main-stick-meta":"","header-below-stick-meta":"","astra-migrate-meta-layouts":"default","ast-page-background-enabled":"default","ast-page-background-meta":{"desktop":{"background-color":"var(--ast-global-color-4)","background-image":"","background-repeat":"repeat","background-position":"center center","background-size":"auto","background-attachment":"scroll","background-type":"","background-media":"","overlay-type":"","overlay-color":"","overlay-opacity":"","overlay-gradient":""},"tablet":{"background-color":"","background-image":"","background-repeat":"repeat","background-position":"center center","background-size":"auto","background-attachment":"scroll","background-type":"","background-media":"","overlay-type":"","overlay-color":"","overlay-opacity":"","overlay-gradient":""},"mobile":{"background-color":"","background-image":"","background-repeat":"repeat","background-position":"center center","background-size":"auto","background-attachment":"scroll","background-type":"","background-media":"","overlay-type":"","overlay-color":"","overlay-opacity":"","overlay-gradient":""}},"ast-content-background-meta":{"desktop":{"background-color":"var(--ast-global-color-5)","background-image":"","background-repeat":"repeat","background-position":"center center","background-size":"auto","background-attachment":"scroll","background-type":"","background-media":"","overlay-type":"","overlay-color":"","overlay-opacity":"","overlay-gradient":""},"tablet":{"background-color":"var(--ast-global-color-5)","background-image":"","background-repeat":"repeat","background-position":"center center","background-size":"auto","background-attachment":"scroll","background-type":"","background-media":"","overlay-type":"","overlay-color":"","overlay-opacity":"","overlay-gradient":""},"mobile":{"background-color":"var(--ast-global-color-5)","background-image":"","background-repeat":"repeat","background-position":"center center","background-size":"auto","background-attachment":"scroll","background-type":"","background-media":"","overlay-type":"","overlay-color":"","overlay-opacity":"","overlay-gradient":""}}},"product_brand":[],"product_cat":[59,69],"product_tag":[],"class_list":{"0":"post-867","1":"product","2":"type-product","3":"status-publish","4":"has-post-thumbnail","6":"product_cat-soins-pour-bebes","7":"product_cat-soins-pour-peau-sensible-au-canada","8":"desktop-align-left","9":"tablet-align-left","10":"mobile-align-left","12":"first","13":"instock","14":"shipping-taxable","15":"purchasable","16":"product-type-simple"},"jetpack_sharing_enabled":true,"_links":{"self":[{"href":"https:\/\/almagloriousbeauty.com\/en_ca\/wp-json\/wp\/v2\/product\/867","targetHints":{"allow":["GET"]}}],"collection":[{"href":"https:\/\/almagloriousbeauty.com\/en_ca\/wp-json\/wp\/v2\/product"}],"about":[{"href":"https:\/\/almagloriousbeauty.com\/en_ca\/wp-json\/wp\/v2\/types\/product"}],"replies":[{"embeddable":true,"href":"https:\/\/almagloriousbeauty.com\/en_ca\/wp-json\/wp\/v2\/comments?post=867"}],"wp:featuredmedia":[{"embeddable":true,"href":"https:\/\/almagloriousbeauty.com\/en_ca\/wp-json\/wp\/v2\/media\/868"}],"wp:attachment":[{"href":"https:\/\/almagloriousbeauty.com\/en_ca\/wp-json\/wp\/v2\/media?parent=867"}],"wp:term":[{"taxonomy":"product_brand","embeddable":true,"href":"https:\/\/almagloriousbeauty.com\/en_ca\/wp-json\/wp\/v2\/product_brand?post=867"},{"taxonomy":"product_cat","embeddable":true,"href":"https:\/\/almagloriousbeauty.com\/en_ca\/wp-json\/wp\/v2\/product_cat?post=867"},{"taxonomy":"product_tag","embeddable":true,"href":"https:\/\/almagloriousbeauty.com\/en_ca\/wp-json\/wp\/v2\/product_tag?post=867"}],"curies":[{"name":"wp","href":"https:\/\/api.w.org\/{rel}","templated":true}]}}