{"id":684,"date":"2024-11-09T01:43:20","date_gmt":"2024-11-09T01:43:20","guid":{"rendered":"https:\/\/www.almagloriousbeauty.com\/home\/?post_type=product&#038;p=684"},"modified":"2025-01-11T10:10:34","modified_gmt":"2025-01-11T10:10:34","slug":"perfect-glorious-glow-serum","status":"publish","type":"product","link":"https:\/\/almagloriousbeauty.com\/en_ca\/perfect-glorious-glow-serum\/","title":{"rendered":"PERFECT GLORIOUS GLOW SERUM"},"content":{"rendered":"<p><span style=\"font-weight: 400;\">Biologique, organique, <\/span><span style=\"font-weight: 400;\">sans paraben, sans silicone, sans huile, sans cruaut\u00e9 sur les animaux, sans sulfate, sans parfum et fait de vitamine C, de vitamine E et de Niacinamide, le Perfect Glorious Glow Serum de Alma Glorious beauty n\u2019est pas en reste; une utilisation quotidienne vous permettra de b\u00e9n\u00e9ficier de ses effets raffermissants, hydratants, anti-rides, anti-\u00e2ges, nourrissants, \u00e9claircissants, correcteur de pigmentation, et aussi vous b\u00e9n\u00e9ficierez d\u2019un visage neuf, lisse, illumin\u00e9, \u00e9pur\u00e9 avec des pores resserr\u00e9s et une peau de visage encore plus \u00e9clatante.<\/span><\/p>\n<p>&nbsp;<\/p>\n<p><b>Use<\/b><\/p>\n<p>&nbsp;<\/p>\n<p><span style=\"font-weight: 400;\">Apr\u00e8s avoir nettoy\u00e9 la peau, appliquez une quantit\u00e9 appropri\u00e9e d&rsquo;essence sur le visage, puis utilisez la m\u00eame s\u00e9rie de cr\u00e8mes, la meilleure combinaison de produits de la m\u00eame s\u00e9rie.<\/span><\/p>\n<p>&nbsp;<\/p>\n<p><b>Ingredients and effects<\/b><\/p>\n<p>&nbsp;<\/p>\n<p><span style=\"font-weight: 400;\">Vitamine B : am\u00e9liore la barri\u00e8re de la peau tout en r\u00e9duisant l\u2019impact des agressions ext\u00e9rieures et en aidant \u00e0 la pr\u00e9vention des imperfections ce qui permet d\u2019avoir un teint frais et \u00e9clatant.\u00a0<\/span><\/p>\n<p><span style=\"font-weight: 400;\">Vitamin C : Reduces the appearance of wrinkles by neutralizing free radicals, improves the elasticity of the skin, and reduces dark spots\u00a0<\/span><\/p>\n<p><span style=\"font-weight: 400;\">Vitamin E : Strengthens the cutaneous barrier of the skin, moisturizing effect, protection against the damage of free radicals, acts on the hyperpigmentation and protects it from exposure to the sun.<\/span><\/p>\n<p><span style=\"font-weight: 400;\">Water : It is well known, water is life; the skin is not left, moisturizing par excellence, the water helps to preserve the natural beauty of the skin; the skin is plumped, radiant, toned and with fewer failures.<\/span><\/p>\n<p><span style=\"font-weight: 400;\">Niacinamide : stimulates the production of collagen and helps reduce the appearance of fine lines and wrinkles. Regulates the production of sebum, reducing shine and improve the appearance of pores.\u00a0<\/span><\/p>\n<p><span style=\"font-weight: 400;\">Glyc\u00e9rine\u00a0: <\/span><span style=\"font-weight: 400;\">Hydratante, elle rend la peau douce, lisse et fra\u00eeche<\/span><\/p>\n<p><span style=\"font-weight: 400;\">Leaf juice ALOE BARBADENSIS: smoothes the skin texture and tightens pores<\/span><\/p>\n<p><span style=\"font-weight: 400;\">B\u00e9ta\u00efne: prot\u00e8ge la peau du dess\u00e8chement<\/span><\/p>\n<p><span style=\"font-weight: 400;\">Extrait d&rsquo;HIBISCUS ESCULENTUS: prot\u00e8ge la peau des radicaux libres<\/span><\/p>\n<p><span style=\"font-weight: 400;\">Extrait de bourgeon de fleur de Magnolia Biondii: apaise les irritations cutan\u00e9es, aide \u00e0 r\u00e9duire le vieillissement de la peau, att\u00e9nue les t\u00e2ches de pigmentation, uniformise le teint en le laissant radieux et \u00e9clatant.\u00a0<\/span><\/p>\n<p><span style=\"font-weight: 400;\">Sodium Hyaluronate: natural protection to the surface of the skin against external aggressions such as pollution,UV radiation, oxidative stress caused by free radicals.<\/span><\/p>","protected":false},"excerpt":{"rendered":"<p><span style=\"font-weight: 400;\">Diverses vitamines sont une source importante pour synth\u00e9tiser le collag\u00e8ne et \u00e9claircir les taches. Ils ont un effet super hydratant, r\u00e9tr\u00e9cissent les pores, \u00e9claircissent, raffermissent et rendent la peau douce et lisse.<\/span><\/p>\n<p><span style=\"font-weight: 400;\">Les s\u00e9rums principalement utilis\u00e9s sur le visage, ont pour r\u00f4le de cibler des manquements sp\u00e9cifiques tels que les rides, les t\u00e2ches, le vieillissement pr\u00e9matur\u00e9, la perte de vitalit\u00e9, l\u2019exc\u00e8s de s\u00e9bum, la dilatation des pores et bien d\u2019autres.\u00a0<\/span><\/p>","protected":false},"featured_media":685,"comment_status":"open","ping_status":"closed","template":"","meta":{"site-sidebar-layout":"default","site-content-layout":"","ast-site-content-layout":"default","site-content-style":"default","site-sidebar-style":"default","ast-global-header-display":"","ast-banner-title-visibility":"","ast-main-header-display":"","ast-hfb-above-header-display":"","ast-hfb-below-header-display":"","ast-hfb-mobile-header-display":"","site-post-title":"","ast-breadcrumbs-content":"","ast-featured-img":"","footer-sml-layout":"","ast-disable-related-posts":"","theme-transparent-header-meta":"","adv-header-id-meta":"","stick-header-meta":"","header-above-stick-meta":"","header-main-stick-meta":"","header-below-stick-meta":"","astra-migrate-meta-layouts":"default","ast-page-background-enabled":"default","ast-page-background-meta":{"desktop":{"background-color":"var(--ast-global-color-4)","background-image":"","background-repeat":"repeat","background-position":"center center","background-size":"auto","background-attachment":"scroll","background-type":"","background-media":"","overlay-type":"","overlay-color":"","overlay-opacity":"","overlay-gradient":""},"tablet":{"background-color":"","background-image":"","background-repeat":"repeat","background-position":"center center","background-size":"auto","background-attachment":"scroll","background-type":"","background-media":"","overlay-type":"","overlay-color":"","overlay-opacity":"","overlay-gradient":""},"mobile":{"background-color":"","background-image":"","background-repeat":"repeat","background-position":"center center","background-size":"auto","background-attachment":"scroll","background-type":"","background-media":"","overlay-type":"","overlay-color":"","overlay-opacity":"","overlay-gradient":""}},"ast-content-background-meta":{"desktop":{"background-color":"var(--ast-global-color-5)","background-image":"","background-repeat":"repeat","background-position":"center center","background-size":"auto","background-attachment":"scroll","background-type":"","background-media":"","overlay-type":"","overlay-color":"","overlay-opacity":"","overlay-gradient":""},"tablet":{"background-color":"var(--ast-global-color-5)","background-image":"","background-repeat":"repeat","background-position":"center center","background-size":"auto","background-attachment":"scroll","background-type":"","background-media":"","overlay-type":"","overlay-color":"","overlay-opacity":"","overlay-gradient":""},"mobile":{"background-color":"var(--ast-global-color-5)","background-image":"","background-repeat":"repeat","background-position":"center center","background-size":"auto","background-attachment":"scroll","background-type":"","background-media":"","overlay-type":"","overlay-color":"","overlay-opacity":"","overlay-gradient":""}}},"product_brand":[],"product_cat":[60,65],"product_tag":[],"class_list":{"0":"post-684","1":"product","2":"type-product","3":"status-publish","4":"has-post-thumbnail","6":"product_cat-produits-de-beaute-pour-adultes","7":"product_cat-creme-nourrissante-pour-le-corps","8":"desktop-align-left","9":"tablet-align-left","10":"mobile-align-left","12":"first","13":"instock","14":"shipping-taxable","15":"purchasable","16":"product-type-simple"},"jetpack_sharing_enabled":true,"_links":{"self":[{"href":"https:\/\/almagloriousbeauty.com\/en_ca\/wp-json\/wp\/v2\/product\/684","targetHints":{"allow":["GET"]}}],"collection":[{"href":"https:\/\/almagloriousbeauty.com\/en_ca\/wp-json\/wp\/v2\/product"}],"about":[{"href":"https:\/\/almagloriousbeauty.com\/en_ca\/wp-json\/wp\/v2\/types\/product"}],"replies":[{"embeddable":true,"href":"https:\/\/almagloriousbeauty.com\/en_ca\/wp-json\/wp\/v2\/comments?post=684"}],"wp:featuredmedia":[{"embeddable":true,"href":"https:\/\/almagloriousbeauty.com\/en_ca\/wp-json\/wp\/v2\/media\/685"}],"wp:attachment":[{"href":"https:\/\/almagloriousbeauty.com\/en_ca\/wp-json\/wp\/v2\/media?parent=684"}],"wp:term":[{"taxonomy":"product_brand","embeddable":true,"href":"https:\/\/almagloriousbeauty.com\/en_ca\/wp-json\/wp\/v2\/product_brand?post=684"},{"taxonomy":"product_cat","embeddable":true,"href":"https:\/\/almagloriousbeauty.com\/en_ca\/wp-json\/wp\/v2\/product_cat?post=684"},{"taxonomy":"product_tag","embeddable":true,"href":"https:\/\/almagloriousbeauty.com\/en_ca\/wp-json\/wp\/v2\/product_tag?post=684"}],"curies":[{"name":"wp","href":"https:\/\/api.w.org\/{rel}","templated":true}]}}