{"id":634,"date":"2024-11-06T00:17:46","date_gmt":"2024-11-06T00:17:46","guid":{"rendered":"https:\/\/www.almagloriousbeauty.com\/home\/?post_type=product&#038;p=634"},"modified":"2025-05-03T15:49:47","modified_gmt":"2025-05-03T15:49:47","slug":"ebene-glorious-glow-serum","status":"publish","type":"product","link":"https:\/\/almagloriousbeauty.com\/en_ca\/ebene-glorious-glow-serum\/","title":{"rendered":"EBENE GLORIOUS GLOW SERUM"},"content":{"rendered":"<p><span style=\"color: #800080;\"><b>Use<\/b><\/span><\/p>\n<p><span style=\"font-weight: 400;\">Apr\u00e8s avoir nettoy\u00e9 la peau, appliquez une quantit\u00e9 appropri\u00e9e de s\u00e9rum sur le visage, puis utilisez la m\u00eame s\u00e9rie de cr\u00e8mes, la meilleure combinaison de produits de la m\u00eame s\u00e9rie.<\/span><\/p>\n<p>&nbsp;<\/p>\n<p><span style=\"color: #800080;\"><b>Ingredients and effects<\/b><\/span><\/p>\n<p><span style=\"font-weight: 400;\">Vitamin C : Reduces the appearance of wrinkles by neutralizing free radicals, improves the elasticity of the skin, and reduces dark spots\u00a0<\/span><\/p>\n<p><span style=\"font-weight: 400;\">Nicotinamide: <\/span><span style=\"font-weight: 400;\">unifie visiblement le teint, am\u00e9liore l&rsquo;hyperpigmentation existante, lisse les rides et la ligne s\u00e8che.\u00a0<\/span><\/p>\n<p><span style=\"font-weight: 400;\">Acide hyaluronique: <\/span><span style=\"font-weight: 400;\">S\u2019incruste intens\u00e9ment dans la peau en augmentant son \u00e9lasticit\u00e9, en activant son hydratation et sa r\u00e9g\u00e9n\u00e9ration; r\u00e9duit l\u2019apparence des ridules et des rides en retenant l\u2019humidit\u00e9 dans la peau.<\/span><\/p>\n<p><span style=\"font-weight: 400;\">Extrait de Carotte: Gr\u00e2ce \u00e0 sa concentration en antioxydants et en b\u00eata-carot\u00e8ne, la mac\u00e9r\u00e2t huileux de carotte stimule la croissance et le renouvellement cellulaire; poss\u00e8de \u00e9galement des propri\u00e9t\u00e9s protectrices et r\u00e9paratrices.<\/span><\/p>","protected":false},"excerpt":{"rendered":"<p><span style=\"font-weight: 400;\">The sera used mainly on the face, have a role to target specific breaches such as hyper-pigmentation, wrinkles, tasks, premature aging, loss of vitality, excess sebum, the dilation of the pores and many others.\u00a0<\/span><\/p>\n<p><span style=\"font-weight: 400;\">Biologique et organique, <\/span><span style=\"font-weight: 400;\">sans Paraben, sans Silicone, sans parfum, sans Sulfate, sans cruaut\u00e9 sur les animaux, Vegan, Organique, <\/span><span style=\"font-weight: 400;\">et fait de 5% de Niacinamide; notre Ebene Glorious Glow Serum vous permettra de b\u00e9n\u00e9ficier de ses effets raffermissants, hydratants, anti-rides, anti-\u00e2ges, nourrissants, \u00e9claircissants, correcteur et restaurateur de pigmentation, antioxydant et aussi vous b\u00e9n\u00e9ficierez d\u2019un visage neuf, lisse, illumin\u00e9, \u00e9pur\u00e9 avec des pores resserr\u00e9s et une peau de visage encore plus \u00e9clatante.<\/span><\/p>","protected":false},"featured_media":635,"comment_status":"open","ping_status":"closed","template":"","meta":{"site-sidebar-layout":"default","site-content-layout":"","ast-site-content-layout":"default","site-content-style":"default","site-sidebar-style":"default","ast-global-header-display":"","ast-banner-title-visibility":"","ast-main-header-display":"","ast-hfb-above-header-display":"","ast-hfb-below-header-display":"","ast-hfb-mobile-header-display":"","site-post-title":"","ast-breadcrumbs-content":"","ast-featured-img":"","footer-sml-layout":"","ast-disable-related-posts":"","theme-transparent-header-meta":"","adv-header-id-meta":"","stick-header-meta":"","header-above-stick-meta":"","header-main-stick-meta":"","header-below-stick-meta":"","astra-migrate-meta-layouts":"default","ast-page-background-enabled":"default","ast-page-background-meta":{"desktop":{"background-color":"var(--ast-global-color-4)","background-image":"","background-repeat":"repeat","background-position":"center center","background-size":"auto","background-attachment":"scroll","background-type":"","background-media":"","overlay-type":"","overlay-color":"","overlay-opacity":"","overlay-gradient":""},"tablet":{"background-color":"","background-image":"","background-repeat":"repeat","background-position":"center center","background-size":"auto","background-attachment":"scroll","background-type":"","background-media":"","overlay-type":"","overlay-color":"","overlay-opacity":"","overlay-gradient":""},"mobile":{"background-color":"","background-image":"","background-repeat":"repeat","background-position":"center center","background-size":"auto","background-attachment":"scroll","background-type":"","background-media":"","overlay-type":"","overlay-color":"","overlay-opacity":"","overlay-gradient":""}},"ast-content-background-meta":{"desktop":{"background-color":"var(--ast-global-color-5)","background-image":"","background-repeat":"repeat","background-position":"center center","background-size":"auto","background-attachment":"scroll","background-type":"","background-media":"","overlay-type":"","overlay-color":"","overlay-opacity":"","overlay-gradient":""},"tablet":{"background-color":"var(--ast-global-color-5)","background-image":"","background-repeat":"repeat","background-position":"center center","background-size":"auto","background-attachment":"scroll","background-type":"","background-media":"","overlay-type":"","overlay-color":"","overlay-opacity":"","overlay-gradient":""},"mobile":{"background-color":"var(--ast-global-color-5)","background-image":"","background-repeat":"repeat","background-position":"center center","background-size":"auto","background-attachment":"scroll","background-type":"","background-media":"","overlay-type":"","overlay-color":"","overlay-opacity":"","overlay-gradient":""}}},"product_brand":[],"product_cat":[60,65],"product_tag":[],"class_list":{"0":"post-634","1":"product","2":"type-product","3":"status-publish","4":"has-post-thumbnail","6":"product_cat-produits-de-beaute-pour-adultes","7":"product_cat-creme-nourrissante-pour-le-corps","8":"desktop-align-left","9":"tablet-align-left","10":"mobile-align-left","12":"first","13":"instock","14":"shipping-taxable","15":"purchasable","16":"product-type-simple"},"jetpack_sharing_enabled":true,"_links":{"self":[{"href":"https:\/\/almagloriousbeauty.com\/en_ca\/wp-json\/wp\/v2\/product\/634","targetHints":{"allow":["GET"]}}],"collection":[{"href":"https:\/\/almagloriousbeauty.com\/en_ca\/wp-json\/wp\/v2\/product"}],"about":[{"href":"https:\/\/almagloriousbeauty.com\/en_ca\/wp-json\/wp\/v2\/types\/product"}],"replies":[{"embeddable":true,"href":"https:\/\/almagloriousbeauty.com\/en_ca\/wp-json\/wp\/v2\/comments?post=634"}],"wp:featuredmedia":[{"embeddable":true,"href":"https:\/\/almagloriousbeauty.com\/en_ca\/wp-json\/wp\/v2\/media\/635"}],"wp:attachment":[{"href":"https:\/\/almagloriousbeauty.com\/en_ca\/wp-json\/wp\/v2\/media?parent=634"}],"wp:term":[{"taxonomy":"product_brand","embeddable":true,"href":"https:\/\/almagloriousbeauty.com\/en_ca\/wp-json\/wp\/v2\/product_brand?post=634"},{"taxonomy":"product_cat","embeddable":true,"href":"https:\/\/almagloriousbeauty.com\/en_ca\/wp-json\/wp\/v2\/product_cat?post=634"},{"taxonomy":"product_tag","embeddable":true,"href":"https:\/\/almagloriousbeauty.com\/en_ca\/wp-json\/wp\/v2\/product_tag?post=634"}],"curies":[{"name":"wp","href":"https:\/\/api.w.org\/{rel}","templated":true}]}}