{"id":580,"date":"2024-10-29T10:04:45","date_gmt":"2024-10-29T10:04:45","guid":{"rendered":"https:\/\/mediumslateblue-caribou-431624.hostingersite.com\/?post_type=product&#038;p=580"},"modified":"2025-05-03T15:21:56","modified_gmt":"2025-05-03T15:21:56","slug":"glorious-glow-serum","status":"publish","type":"product","link":"https:\/\/almagloriousbeauty.com\/en_ca\/glorious-glow-serum\/","title":{"rendered":"GLORIOUS GLOW SERUM"},"content":{"rendered":"<p><span style=\"color: #800080;\"><b>Use<\/b><\/span><\/p>\n<p><span style=\"font-weight: 400;\">After cleaning the skin, apply an appropriate amount of serum on the face, and then use the same series of creams, the best combination of products of the same series.<\/span><\/p>\n<p>&nbsp;<\/p>\n<p><span style=\"color: #800080;\"><b>Ingredients and effects<\/b><\/span><\/p>\n<p><span style=\"font-weight: 400;\">Vitamin C : Reduces the appearance of wrinkles by neutralizing free radicals, improves the elasticity of the skin, and reduces dark spots\u00a0<\/span><\/p>\n<p><span style=\"font-weight: 400;\">Vitamin E : Strengthens the cutaneous barrier of the skin, moisturizing effect, protection against the damage of free radicals, acts on the hyperpigmentation and protects it from exposure to the sun.<\/span><\/p>\n<p><span style=\"font-weight: 400;\">Water : It is well known, water is life; the skin is not left, moisturizing par excellence, the water helps to preserve the natural beauty of the skin; the skin is plumped, radiant, toned and with fewer failures.<\/span><\/p>\n<p><span style=\"font-weight: 400;\">Niacinamide : stimulates the production of collagen and helps reduce the appearance of fine lines and wrinkles. Regulates the production of sebum, reducing shine and improve the appearance of pores.\u00a0<\/span><\/p>\n<p><span style=\"font-weight: 400;\">Glyc\u00e9rine\u00a0: <\/span><span style=\"font-weight: 400;\">Hydratante, elle rend la peau douce, lisse et fra\u00eeche<\/span><\/p>\n<p><span style=\"font-weight: 400;\">Leaf juice ALOE BARBADENSIS: smoothes the skin texture and tightens pores<\/span><\/p>\n<p><span style=\"font-weight: 400;\">Sodium Hyaluronate: natural protection to the surface of the skin against external aggressions such as pollution,UV radiation, oxidative stress caused by free radicals.<\/span><\/p>\n<p><span style=\"font-weight: 400;\">Ferulic acid: powerful antioxidant, slows the aging process of the skin, reduces fine lines and wrinkles.<\/span><\/p>\n<p><span style=\"font-weight: 400;\">Betaine: moisturizes and protects the skin from irritation<\/span><\/p>\n<p><span style=\"font-weight: 400;\">Avena sativa: soothes the skin <\/span><\/p>","protected":false},"excerpt":{"rendered":"<p><span style=\"font-weight: 400;\">The sera used mainly on the face, have a role to target specific breaches such as hyper-pigmentation, wrinkles, tasks, premature aging, loss of vitality, excess sebum, the dilation of the pores and many others.\u00a0<\/span><\/p>\n<p><span style=\"font-weight: 400;\">Biologique et organique, <\/span><span style=\"font-weight: 400;\">sans Paraben, sans Silicone, sans parfum, sans Sulfate, sans cruaut\u00e9 sur les animaux, Vegan, Organique, <\/span><span style=\"font-weight: 400;\">et fait de 20% de vitamine C et E; notre Glorious Glow Serum vous permettra de b\u00e9n\u00e9ficier de ses effets raffermissants, hydratants, anti-rides, anti-\u00e2ges, nourrissants, \u00e9claircissants, correcteur et restaurateur de pigmentation, antioxydant et aussi vous b\u00e9n\u00e9ficierez d\u2019un visage neuf, lisse, illumin\u00e9, \u00e9pur\u00e9 avec des pores resserr\u00e9s et une peau de visage encore plus \u00e9clatante.<\/span><\/p>","protected":false},"featured_media":581,"comment_status":"open","ping_status":"closed","template":"","meta":{"site-sidebar-layout":"default","site-content-layout":"","ast-site-content-layout":"default","site-content-style":"default","site-sidebar-style":"default","ast-global-header-display":"","ast-banner-title-visibility":"","ast-main-header-display":"","ast-hfb-above-header-display":"","ast-hfb-below-header-display":"","ast-hfb-mobile-header-display":"","site-post-title":"","ast-breadcrumbs-content":"","ast-featured-img":"","footer-sml-layout":"","ast-disable-related-posts":"","theme-transparent-header-meta":"","adv-header-id-meta":"","stick-header-meta":"","header-above-stick-meta":"","header-main-stick-meta":"","header-below-stick-meta":"","astra-migrate-meta-layouts":"default","ast-page-background-enabled":"default","ast-page-background-meta":{"desktop":{"background-color":"var(--ast-global-color-4)","background-image":"","background-repeat":"repeat","background-position":"center center","background-size":"auto","background-attachment":"scroll","background-type":"","background-media":"","overlay-type":"","overlay-color":"","overlay-opacity":"","overlay-gradient":""},"tablet":{"background-color":"","background-image":"","background-repeat":"repeat","background-position":"center center","background-size":"auto","background-attachment":"scroll","background-type":"","background-media":"","overlay-type":"","overlay-color":"","overlay-opacity":"","overlay-gradient":""},"mobile":{"background-color":"","background-image":"","background-repeat":"repeat","background-position":"center center","background-size":"auto","background-attachment":"scroll","background-type":"","background-media":"","overlay-type":"","overlay-color":"","overlay-opacity":"","overlay-gradient":""}},"ast-content-background-meta":{"desktop":{"background-color":"var(--ast-global-color-5)","background-image":"","background-repeat":"repeat","background-position":"center center","background-size":"auto","background-attachment":"scroll","background-type":"","background-media":"","overlay-type":"","overlay-color":"","overlay-opacity":"","overlay-gradient":""},"tablet":{"background-color":"var(--ast-global-color-5)","background-image":"","background-repeat":"repeat","background-position":"center center","background-size":"auto","background-attachment":"scroll","background-type":"","background-media":"","overlay-type":"","overlay-color":"","overlay-opacity":"","overlay-gradient":""},"mobile":{"background-color":"var(--ast-global-color-5)","background-image":"","background-repeat":"repeat","background-position":"center center","background-size":"auto","background-attachment":"scroll","background-type":"","background-media":"","overlay-type":"","overlay-color":"","overlay-opacity":"","overlay-gradient":""}}},"product_brand":[],"product_cat":[60,65],"product_tag":[104,100,101,105,102,103,106],"class_list":{"0":"post-580","1":"product","2":"type-product","3":"status-publish","4":"has-post-thumbnail","6":"product_cat-produits-de-beaute-pour-adultes","7":"product_cat-creme-nourrissante-pour-le-corps","8":"product_tag-dilatation","9":"product_tag-glorious-glow-serum","10":"product_tag-hyperpigmentation","11":"product_tag-pores","12":"product_tag-rides","13":"product_tag-sebum","14":"product_tag-soins-visage","15":"desktop-align-left","16":"tablet-align-left","17":"mobile-align-left","19":"first","20":"instock","21":"shipping-taxable","22":"purchasable","23":"product-type-simple"},"jetpack_sharing_enabled":true,"_links":{"self":[{"href":"https:\/\/almagloriousbeauty.com\/en_ca\/wp-json\/wp\/v2\/product\/580","targetHints":{"allow":["GET"]}}],"collection":[{"href":"https:\/\/almagloriousbeauty.com\/en_ca\/wp-json\/wp\/v2\/product"}],"about":[{"href":"https:\/\/almagloriousbeauty.com\/en_ca\/wp-json\/wp\/v2\/types\/product"}],"replies":[{"embeddable":true,"href":"https:\/\/almagloriousbeauty.com\/en_ca\/wp-json\/wp\/v2\/comments?post=580"}],"wp:featuredmedia":[{"embeddable":true,"href":"https:\/\/almagloriousbeauty.com\/en_ca\/wp-json\/wp\/v2\/media\/581"}],"wp:attachment":[{"href":"https:\/\/almagloriousbeauty.com\/en_ca\/wp-json\/wp\/v2\/media?parent=580"}],"wp:term":[{"taxonomy":"product_brand","embeddable":true,"href":"https:\/\/almagloriousbeauty.com\/en_ca\/wp-json\/wp\/v2\/product_brand?post=580"},{"taxonomy":"product_cat","embeddable":true,"href":"https:\/\/almagloriousbeauty.com\/en_ca\/wp-json\/wp\/v2\/product_cat?post=580"},{"taxonomy":"product_tag","embeddable":true,"href":"https:\/\/almagloriousbeauty.com\/en_ca\/wp-json\/wp\/v2\/product_tag?post=580"}],"curies":[{"name":"wp","href":"https:\/\/api.w.org\/{rel}","templated":true}]}}