{"id":522,"date":"2024-10-10T18:34:46","date_gmt":"2024-10-10T18:34:46","guid":{"rendered":"https:\/\/mediumslateblue-caribou-431624.hostingersite.com\/?page_id=522"},"modified":"2024-10-10T18:37:48","modified_gmt":"2024-10-10T18:37:48","slug":"politique-de-retour","status":"publish","type":"page","link":"https:\/\/almagloriousbeauty.com\/en_ca\/politique-de-retour\/","title":{"rendered":"RETURN POLICY"},"content":{"rendered":"<div data-elementor-type=\"wp-page\" data-elementor-id=\"522\" class=\"elementor elementor-522\" data-elementor-post-type=\"page\">\n\t\t\t\t\t\t<section class=\"elementor-section elementor-top-section elementor-element elementor-element-983e265 elementor-section-boxed elementor-section-height-default elementor-section-height-default wpr-particle-no wpr-jarallax-no wpr-parallax-no wpr-sticky-section-no wpr-equal-height-no\" data-id=\"983e265\" data-element_type=\"section\" data-e-type=\"section\" data-settings=\"{&quot;_ob_glider_is_slider&quot;:&quot;no&quot;}\">\n\t\t\t\t\t\t<div class=\"elementor-container elementor-column-gap-default\">\n\t\t\t\t\t<div class=\"elementor-column elementor-col-100 elementor-top-column elementor-element elementor-element-905f0c9\" data-id=\"905f0c9\" data-element_type=\"column\" data-e-type=\"column\" data-settings=\"{&quot;_ob_column_hoveranimator&quot;:&quot;no&quot;,&quot;_ob_column_has_pseudo&quot;:&quot;no&quot;}\">\n\t\t\t<div class=\"elementor-widget-wrap elementor-element-populated\">\n\t\t\t\t\t\t<div class=\"elementor-element elementor-element-55e004b ob-harakiri-inherit ob-has-background-overlay elementor-widget elementor-widget-text-editor\" data-id=\"55e004b\" data-element_type=\"widget\" data-e-type=\"widget\" data-settings=\"{&quot;_ob_use_harakiri&quot;:&quot;yes&quot;,&quot;_ob_harakiri_writing_mode&quot;:&quot;inherit&quot;,&quot;_ob_postman_use&quot;:&quot;no&quot;,&quot;_ob_widget_stalker_use&quot;:&quot;no&quot;,&quot;_ob_poopart_use&quot;:&quot;yes&quot;,&quot;_ob_shadough_use&quot;:&quot;no&quot;,&quot;_ob_allow_hoveranimator&quot;:&quot;no&quot;}\" data-widget_type=\"text-editor.default\">\n\t\t\t\t<div class=\"elementor-widget-container\">\n\t\t\t\t\t\t\t\t\t<p><\/p><p>\u00a0<\/p><p><b>Return and exchange<\/b><\/p><p>\u00a0<\/p><p><span style=\"font-weight: 400;\">Given the nature of our products, and hygiene, we are under a duty not to accept return of a products which is why we recommend you take the time you need to focus on your real need before the confirmation of your order.<\/span><\/p><p>\u00a0<\/p><p><b>Cancellation or Change of orders<\/b><\/p><p>\u00a0<\/p><p><span style=\"font-weight: 400;\">Orders placed on our website are processed within 24 to 48 hours after receiving the payment, it is very important to my glorious, my glorious carry out a review of your order before you confirm it, because unfortunately, a confirmed order may not be cancelled or be changed.<\/span><\/p><p><br \/><br \/><\/p>\t\t\t\t\t\t\t\t<\/div>\n\t\t\t\t<\/div>\n\t\t\t\t\t<\/div>\n\t\t<\/div>\n\t\t\t\t\t<\/div>\n\t\t<\/section>\n\t\t\t\t<\/div>","protected":false},"excerpt":{"rendered":"<p>\u00a0 Retour et \u00e9changes \u00a0 Compte tenu de la nature de nos produits et de l\u2019hygi\u00e8ne, nous sommes dans l\u2019obligation de ne pas accepter de retour de produits raison pour laquelle, nous vous recommandons de prendre le temps qu\u2019il vous faut, afin de bien cibler votre r\u00e9el besoin avant la confirmation de votre commande. \u00a0 Annulation ou Modification de commandes \u00a0 Les commandes pass\u00e9es dans notre site \u00e9tant trait\u00e9es dans un d\u00e9lai de 24H \u00e0 48H apr\u00e8s r\u00e9ception du paiement, il est tr\u00e8s important mes glorieux et mes glorieuses d\u2019effectuer une r\u00e9vision de votre commande avant de la confirmer car malheureusement, une commande confirm\u00e9e ne peut ni \u00eatre annul\u00e9e ni \u00eatre modifi\u00e9e.<\/p>","protected":false},"author":1,"featured_media":0,"parent":0,"menu_order":0,"comment_status":"closed","ping_status":"closed","template":"","meta":{"site-sidebar-layout":"default","site-content-layout":"","ast-site-content-layout":"default","site-content-style":"default","site-sidebar-style":"default","ast-global-header-display":"","ast-banner-title-visibility":"","ast-main-header-display":"","ast-hfb-above-header-display":"","ast-hfb-below-header-display":"","ast-hfb-mobile-header-display":"","site-post-title":"","ast-breadcrumbs-content":"","ast-featured-img":"","footer-sml-layout":"","ast-disable-related-posts":"","theme-transparent-header-meta":"","adv-header-id-meta":"","stick-header-meta":"","header-above-stick-meta":"","header-main-stick-meta":"","header-below-stick-meta":"","astra-migrate-meta-layouts":"default","ast-page-background-enabled":"default","ast-page-background-meta":{"desktop":{"background-color":"var(--ast-global-color-4)","background-image":"","background-repeat":"repeat","background-position":"center center","background-size":"auto","background-attachment":"scroll","background-type":"","background-media":"","overlay-type":"","overlay-color":"","overlay-opacity":"","overlay-gradient":""},"tablet":{"background-color":"","background-image":"","background-repeat":"repeat","background-position":"center center","background-size":"auto","background-attachment":"scroll","background-type":"","background-media":"","overlay-type":"","overlay-color":"","overlay-opacity":"","overlay-gradient":""},"mobile":{"background-color":"","background-image":"","background-repeat":"repeat","background-position":"center center","background-size":"auto","background-attachment":"scroll","background-type":"","background-media":"","overlay-type":"","overlay-color":"","overlay-opacity":"","overlay-gradient":""}},"ast-content-background-meta":{"desktop":{"background-color":"var(--ast-global-color-5)","background-image":"","background-repeat":"repeat","background-position":"center center","background-size":"auto","background-attachment":"scroll","background-type":"","background-media":"","overlay-type":"","overlay-color":"","overlay-opacity":"","overlay-gradient":""},"tablet":{"background-color":"var(--ast-global-color-5)","background-image":"","background-repeat":"repeat","background-position":"center center","background-size":"auto","background-attachment":"scroll","background-type":"","background-media":"","overlay-type":"","overlay-color":"","overlay-opacity":"","overlay-gradient":""},"mobile":{"background-color":"var(--ast-global-color-5)","background-image":"","background-repeat":"repeat","background-position":"center center","background-size":"auto","background-attachment":"scroll","background-type":"","background-media":"","overlay-type":"","overlay-color":"","overlay-opacity":"","overlay-gradient":""}},"footnotes":""},"class_list":["post-522","page","type-page","status-publish","hentry"],"jetpack_sharing_enabled":true,"_links":{"self":[{"href":"https:\/\/almagloriousbeauty.com\/en_ca\/wp-json\/wp\/v2\/pages\/522","targetHints":{"allow":["GET"]}}],"collection":[{"href":"https:\/\/almagloriousbeauty.com\/en_ca\/wp-json\/wp\/v2\/pages"}],"about":[{"href":"https:\/\/almagloriousbeauty.com\/en_ca\/wp-json\/wp\/v2\/types\/page"}],"author":[{"embeddable":true,"href":"https:\/\/almagloriousbeauty.com\/en_ca\/wp-json\/wp\/v2\/users\/1"}],"replies":[{"embeddable":true,"href":"https:\/\/almagloriousbeauty.com\/en_ca\/wp-json\/wp\/v2\/comments?post=522"}],"version-history":[{"count":4,"href":"https:\/\/almagloriousbeauty.com\/en_ca\/wp-json\/wp\/v2\/pages\/522\/revisions"}],"predecessor-version":[{"id":527,"href":"https:\/\/almagloriousbeauty.com\/en_ca\/wp-json\/wp\/v2\/pages\/522\/revisions\/527"}],"wp:attachment":[{"href":"https:\/\/almagloriousbeauty.com\/en_ca\/wp-json\/wp\/v2\/media?parent=522"}],"curies":[{"name":"wp","href":"https:\/\/api.w.org\/{rel}","templated":true}]}}