{"id":507,"date":"2024-10-10T18:20:15","date_gmt":"2024-10-10T18:20:15","guid":{"rendered":"https:\/\/mediumslateblue-caribou-431624.hostingersite.com\/?page_id=507"},"modified":"2024-10-10T18:28:30","modified_gmt":"2024-10-10T18:28:30","slug":"politique-de-livraison","status":"publish","type":"page","link":"https:\/\/almagloriousbeauty.com\/en_ca\/politique-de-livraison\/","title":{"rendered":"DELIVERY POLICY"},"content":{"rendered":"<div data-elementor-type=\"wp-page\" data-elementor-id=\"507\" class=\"elementor elementor-507\" data-elementor-post-type=\"page\">\n\t\t\t\t\t\t<section class=\"elementor-section elementor-top-section elementor-element elementor-element-bc6ff9c elementor-section-boxed elementor-section-height-default elementor-section-height-default wpr-particle-no wpr-jarallax-no wpr-parallax-no wpr-sticky-section-no wpr-equal-height-no\" data-id=\"bc6ff9c\" data-element_type=\"section\" data-e-type=\"section\" data-settings=\"{&quot;_ob_glider_is_slider&quot;:&quot;no&quot;}\">\n\t\t\t\t\t\t<div class=\"elementor-container elementor-column-gap-default\">\n\t\t\t\t\t<div class=\"elementor-column elementor-col-100 elementor-top-column elementor-element elementor-element-d046c2a\" data-id=\"d046c2a\" data-element_type=\"column\" data-e-type=\"column\" data-settings=\"{&quot;_ob_column_hoveranimator&quot;:&quot;no&quot;,&quot;_ob_column_has_pseudo&quot;:&quot;no&quot;}\">\n\t\t\t<div class=\"elementor-widget-wrap elementor-element-populated\">\n\t\t\t\t\t\t<div class=\"elementor-element elementor-element-7002823 ob-harakiri-inherit ob-has-background-overlay elementor-widget elementor-widget-text-editor\" data-id=\"7002823\" data-element_type=\"widget\" data-e-type=\"widget\" data-settings=\"{&quot;_ob_use_harakiri&quot;:&quot;yes&quot;,&quot;_ob_harakiri_writing_mode&quot;:&quot;inherit&quot;,&quot;_ob_postman_use&quot;:&quot;no&quot;,&quot;_ob_widget_stalker_use&quot;:&quot;no&quot;,&quot;_ob_poopart_use&quot;:&quot;yes&quot;,&quot;_ob_shadough_use&quot;:&quot;no&quot;,&quot;_ob_allow_hoveranimator&quot;:&quot;no&quot;}\" data-widget_type=\"text-editor.default\">\n\t\t\t\t<div class=\"elementor-widget-container\">\n\t\t\t\t\t\t\t\t\t<p><\/p><p><b>Delivery time<\/b><\/p><p>\u00a0<\/p><p><span style=\"font-weight: 400;\">Orders placed on our website are processed within 24 to 48 hours after receipt of payment, delivery times are the following:<\/span><\/p><p>\u00a0<\/p><ul><li style=\"font-weight: 400;\" aria-level=\"1\"><span style=\"font-weight: 400;\">Canada: 3 to 7 business days<\/span><\/li><li style=\"font-weight: 400;\" aria-level=\"1\"><span style=\"font-weight: 400;\">United states: 5 to 10 working days<\/span><\/li><li style=\"font-weight: 400;\" aria-level=\"1\"><span style=\"font-weight: 400;\">International: 10 to 20 business days<\/span><\/li><\/ul><p>\u00a0<\/p><p><span style=\"font-weight: 400;\">The glorious and glorious, it is important to note that these times are estimates and are subject to change depending on the time period, customs, and various contingencies.\u00a0<\/span><\/p><p>\u00a0<\/p><p><b>Delivery charges<\/b><\/p><p>\u00a0<\/p><p><span style=\"font-weight: 400;\">The shipping costs depend on various parameters such as the weight, the size of the products, and your location. The site is a menu system that enables the display to the cost of delivery.\u00a0<\/span><\/p><p><span style=\"font-weight: 400;\">However, for orders placed in <\/span><b>Canada<\/b><span style=\"font-weight: 400;\"> the amount of which is greater than or equal to$ 300, the glorious and glorious, you can take advantage of free shipping.<\/span><\/p><p>\u00a0<\/p><ul><li style=\"font-weight: 400;\" aria-level=\"1\"><span style=\"font-weight: 400;\">Standard delivery: Time marked in the section delivery Times<\/span><\/li><li style=\"font-weight: 400;\" aria-level=\"1\"><span style=\"font-weight: 400;\">Express delivery: As its name indicates, it is accelerated but with additional costs<\/span><\/li><\/ul><p>\u00a0<\/p><p><b>Delivery failure<\/b><\/p><p>\u00a0<\/p><p><span style=\"font-weight: 400;\">If for one reason or another, such as absence of the recipient at the address provided in the order, a notice will be left on providing you with the instructions necessary for the recovery of your products.\u00a0<\/span><\/p><p>\u00a0<\/p><p><span style=\"font-weight: 400;\">However, if the address provided is incomplete or incorrect, the parcel will be returned to us, we will send you an e-mail in order to have the correct address and it will be your responsibility to pay again the shipping costs; in the case where you get free delivery, it will not be free, your parcel will be re-sent when the payment of fees has been made.<\/span><\/p><p>\u00a0<\/p><p><span style=\"font-weight: 400;\">The glorious and glorious, please note that it is your responsibility during the review of your order to do a validation of the delivery address.<\/span><\/p><p>\u00a0<\/p><p><b>Late delivery<\/b><\/p><p>\u00a0<\/p><p><span style=\"font-weight: 400;\">If for one reason or another, your package may take longer than expected, we would like to thank you for your patience, but most importantly, please do not hesitate to contact us at <\/span><a href=\"mailto:gloriousservices@almagloriousbeauty.com\"><span style=\"font-weight: 400;\">gloriousservices@almagloriousbeauty.com<\/span><\/a><span style=\"font-weight: 400;\"> by entering your order number, your tracking number, and it will be our pleasure to contact the carrier to find a solution.<\/span><\/p><p><br \/><br \/><br \/><\/p><p><b>Parcels damaged or lost<\/b><\/p><p>\u00a0<\/p><p><span style=\"font-weight: 400;\">If for one reason or another, your package arrives damaged or you did not receive it as lost, we would like to thank you for your patience, but most importantly, please do not hesitate to contact us at <\/span><a href=\"mailto:gloriousservices@almagloriousbeauty.com\"><span style=\"font-weight: 400;\">gloriousservices@almagloriousbeauty.com<\/span><\/a><span style=\"font-weight: 400;\"> by entering your order number, your tracking number, and it will be our pleasure to contact the carrier to find a solution. In the case where the damage and loss are proven, we will offer you a replacement order or a full refund of your order.<\/span><\/p><p>\u00a0<\/p><p><b>Delivery outside of Canada<\/b><\/p><p>\u00a0<\/p><p><span style=\"font-weight: 400;\">For all orders shipped outside of Canada, it may be that your package is subject to customs, duties, taxes or other additional costs. Because of all these customs policies, the costs associated are the responsibility of the glorious and glorious and we are not responsible for delays due to customs formalities.<\/span><\/p><p>\u00a0<\/p><p><b>Change of delivery address<\/b><\/p><p>\u00a0<\/p><p><span style=\"font-weight: 400;\">Orders placed on our website are processed within 24 to 48 hours after receiving the payment, if you need to change the delivery address it is important to contact us as soon as possible <\/span><a href=\"mailto:gloriousservices@almagloriousbeauty.com\"><span style=\"font-weight: 400;\">gloriousservices@almagloriousbeauty.com<\/span><\/a><span style=\"font-weight: 400;\"> hoping that your order has not yet been sent; if this is the case, we will give our 100% to make an updated delivery address and send you your package to the address sent by email. However, if it has already been shipped, we are sorry but unfortunately we are in the obligation to tell you that we can not make any changes to your delivery address entered at the time of ordering.<\/span><\/p>\t\t\t\t\t\t\t\t<\/div>\n\t\t\t\t<\/div>\n\t\t\t\t\t<\/div>\n\t\t<\/div>\n\t\t\t\t\t<\/div>\n\t\t<\/section>\n\t\t\t\t<\/div>","protected":false},"excerpt":{"rendered":"<p>D\u00e9lais de livraison \u00a0 Les commandes pass\u00e9es dans notre site \u00e9tant trait\u00e9es dans un d\u00e9lai de 24H \u00e0 48H apr\u00e8s r\u00e9ception du paiement, les d\u00e9lais de livraison sont les suivants: \u00a0 Canada: 3 \u00e0 7 jours ouvrables \u00c9tats-Unis: 5 \u00e0 10 jours ouvrables International: 10 \u00e0 20 jours ouvrables \u00a0 Les glorieux et les glorieuses, il est important de prendre en note que ces d\u00e9lais sont estimatifs et sont soumis \u00e0 variation d\u00e9pendamment de la p\u00e9riode, des douanes ainsi que de divers impr\u00e9vus.\u00a0 \u00a0 Frais de livraison \u00a0 Les frais de livraison d\u00e9pendent de diff\u00e9rents param\u00e8tres tels que le poids, la dimension des produits ainsi que de votre localisation. Le site est menu d\u2019un syst\u00e8me qui permet l\u2019affichage du co\u00fbt de livraison.\u00a0 N\u00e9anmoins, pour les commandes pass\u00e9es au Canada dont le montant est sup\u00e9rieur ou \u00e9gale \u00e0 300$, les glorieux et les glorieuses, vous pouvez b\u00e9n\u00e9ficier de la livraison gratuite. \u00a0 Livraison standard: D\u00e9lai marqu\u00e9 dans la section D\u00e9lais de livraison Livraison Express: Comme son nom l\u2019indique, elle est acc\u00e9l\u00e9r\u00e9e mais avec des co\u00fbts suppl\u00e9mentaires \u00a0 \u00c9chec de livraison \u00a0 Si pour une raison ou une autre, tel que absence du destinataire \u00e0 l\u2019adresse fourni lors de la commande, un avis sera\u00a0 laiss\u00e9 sur place vous fournissant les instructions n\u00e9cessaires pour la r\u00e9cup\u00e9ration de vos produits.\u00a0 \u00a0 Si par contre l\u2019adresse fournie est incompl\u00e8te ou incorrecte, le colis nous sera retourn\u00e9, nous vous enverrons un courriel afin d\u2019avoir la bonne adresse et il sera de votre responsabilit\u00e9 de payer \u00e0 nouveau les frais de livraison; dans le cas o\u00f9 vous b\u00e9n\u00e9ficiez de la livraison gratuite, elle ne sera plus gratuite, votre colis vous sera \u00e0 nouveau envoy\u00e9 lorsque le paiement des frais aura \u00e9t\u00e9 effectu\u00e9. \u00a0 Les glorieux et les glorieuses, veuillez noter qu\u2019il est de votre responsabilit\u00e9 lors de la r\u00e9vision de votre commande d\u2019effectuer une validation de l\u2019adresse de livraison. \u00a0 Retard de livraison \u00a0 Si pour une raison ou une autre, votre colis prend plus de temps que pr\u00e9vu, nous tenons \u00e0 vous remercier de votre patience mais surtout, n\u2019h\u00e9sitez pas \u00e0 nous contacter \u00e0 gloriousservices@almagloriousbeauty.com en inscrivant votre num\u00e9ro de commande, votre num\u00e9ro de suivi et il nous fera un plaisir de contacter le transporteur afin de trouver une solution. Colis endommag\u00e9s ou perdus \u00a0 Si pour une raison ou une autre, votre colis arrive endommag\u00e9 ou alors vous ne le recevez pas car perdu, nous tenons \u00e0 vous remercier de votre patience mais surtout, n\u2019h\u00e9sitez pas \u00e0 nous contacter \u00e0 gloriousservices@almagloriousbeauty.com en inscrivant votre num\u00e9ro de commande, votre num\u00e9ro de suivi et il nous fera un plaisir de contacter le transporteur afin de trouver une solution. Dans le cas o\u00f9 le dommage et la perte sont av\u00e9r\u00e9s, nous vous proposons un remplacement de la commande ou alors un remboursement complet de votre commande. \u00a0 Livraison \u00e0 l\u2019ext\u00e9rieur du Canada \u00a0 Pour toutes les commandes exp\u00e9di\u00e9es \u00e0 l\u2019ext\u00e9rieur du Canada, il se peut que votre colis soit soumis \u00e0 des droits de douane, des taxes ou autres co\u00fbts suppl\u00e9mentaires. En raison de toutes ces politiques douani\u00e8res, les frais y aff\u00e9rents sont \u00e0 la charge des glorieux et des glorieuses et nous ne sommes pas responsables des retards li\u00e9s aux formalit\u00e9s douani\u00e8res. \u00a0 Modification de l\u2019adresse de livraison \u00a0 Les commandes pass\u00e9es dans notre site \u00e9tant trait\u00e9es dans un d\u00e9lai de 24H \u00e0 48H apr\u00e8s r\u00e9ception du paiement, si vous devez modifier l\u2019adresse de livraison il est important de nous contacter le plus t\u00f4t possible \u00e0 gloriousservices@almagloriousbeauty.com en esp\u00e9rant que votre commande n\u2019ait pas encore \u00e9t\u00e9 exp\u00e9di\u00e9e; si tel est le cas, nous donnerons notre 100% afin de faire une mis \u00e0 jour de l\u2019adresse de livraison et vous envoyer votre colis \u00e0 l\u2019adresse envoy\u00e9e par courriel. Si par contre elle a d\u00e9j\u00e0 \u00e9t\u00e9 exp\u00e9di\u00e9e, nous sommes d\u00e9sol\u00e9es mais malheureusement nous nous trouvons dans l&rsquo;obligation de vous dire que nous ne pouvons apporter aucune modification \u00e0 votre adresse de livraison saisie lors du passage de la commande.<\/p>","protected":false},"author":1,"featured_media":0,"parent":0,"menu_order":0,"comment_status":"closed","ping_status":"closed","template":"","meta":{"site-sidebar-layout":"default","site-content-layout":"","ast-site-content-layout":"default","site-content-style":"default","site-sidebar-style":"default","ast-global-header-display":"","ast-banner-title-visibility":"","ast-main-header-display":"","ast-hfb-above-header-display":"","ast-hfb-below-header-display":"","ast-hfb-mobile-header-display":"","site-post-title":"","ast-breadcrumbs-content":"","ast-featured-img":"","footer-sml-layout":"","ast-disable-related-posts":"","theme-transparent-header-meta":"","adv-header-id-meta":"","stick-header-meta":"","header-above-stick-meta":"","header-main-stick-meta":"","header-below-stick-meta":"","astra-migrate-meta-layouts":"default","ast-page-background-enabled":"default","ast-page-background-meta":{"desktop":{"background-color":"var(--ast-global-color-4)","background-image":"","background-repeat":"repeat","background-position":"center center","background-size":"auto","background-attachment":"scroll","background-type":"","background-media":"","overlay-type":"","overlay-color":"","overlay-opacity":"","overlay-gradient":""},"tablet":{"background-color":"","background-image":"","background-repeat":"repeat","background-position":"center center","background-size":"auto","background-attachment":"scroll","background-type":"","background-media":"","overlay-type":"","overlay-color":"","overlay-opacity":"","overlay-gradient":""},"mobile":{"background-color":"","background-image":"","background-repeat":"repeat","background-position":"center center","background-size":"auto","background-attachment":"scroll","background-type":"","background-media":"","overlay-type":"","overlay-color":"","overlay-opacity":"","overlay-gradient":""}},"ast-content-background-meta":{"desktop":{"background-color":"var(--ast-global-color-5)","background-image":"","background-repeat":"repeat","background-position":"center center","background-size":"auto","background-attachment":"scroll","background-type":"","background-media":"","overlay-type":"","overlay-color":"","overlay-opacity":"","overlay-gradient":""},"tablet":{"background-color":"var(--ast-global-color-5)","background-image":"","background-repeat":"repeat","background-position":"center center","background-size":"auto","background-attachment":"scroll","background-type":"","background-media":"","overlay-type":"","overlay-color":"","overlay-opacity":"","overlay-gradient":""},"mobile":{"background-color":"var(--ast-global-color-5)","background-image":"","background-repeat":"repeat","background-position":"center center","background-size":"auto","background-attachment":"scroll","background-type":"","background-media":"","overlay-type":"","overlay-color":"","overlay-opacity":"","overlay-gradient":""}},"footnotes":""},"class_list":["post-507","page","type-page","status-publish","hentry"],"jetpack_sharing_enabled":true,"_links":{"self":[{"href":"https:\/\/almagloriousbeauty.com\/en_ca\/wp-json\/wp\/v2\/pages\/507","targetHints":{"allow":["GET"]}}],"collection":[{"href":"https:\/\/almagloriousbeauty.com\/en_ca\/wp-json\/wp\/v2\/pages"}],"about":[{"href":"https:\/\/almagloriousbeauty.com\/en_ca\/wp-json\/wp\/v2\/types\/page"}],"author":[{"embeddable":true,"href":"https:\/\/almagloriousbeauty.com\/en_ca\/wp-json\/wp\/v2\/users\/1"}],"replies":[{"embeddable":true,"href":"https:\/\/almagloriousbeauty.com\/en_ca\/wp-json\/wp\/v2\/comments?post=507"}],"version-history":[{"count":4,"href":"https:\/\/almagloriousbeauty.com\/en_ca\/wp-json\/wp\/v2\/pages\/507\/revisions"}],"predecessor-version":[{"id":519,"href":"https:\/\/almagloriousbeauty.com\/en_ca\/wp-json\/wp\/v2\/pages\/507\/revisions\/519"}],"wp:attachment":[{"href":"https:\/\/almagloriousbeauty.com\/en_ca\/wp-json\/wp\/v2\/media?parent=507"}],"curies":[{"name":"wp","href":"https:\/\/api.w.org\/{rel}","templated":true}]}}