{"id":3,"date":"2024-08-22T10:01:09","date_gmt":"2024-08-22T10:01:09","guid":{"rendered":"https:\/\/mediumslateblue-caribou-431624.hostingersite.com\/?page_id=3"},"modified":"2024-12-14T18:28:46","modified_gmt":"2024-12-14T18:28:46","slug":"privacy-policy","status":"publish","type":"page","link":"https:\/\/almagloriousbeauty.com\/en_ca\/privacy-policy\/","title":{"rendered":"PRIVACY POLICY"},"content":{"rendered":"<div data-elementor-type=\"wp-page\" data-elementor-id=\"3\" class=\"elementor elementor-3\" data-elementor-post-type=\"page\">\n\t\t\t\t\t\t<section class=\"elementor-section elementor-top-section elementor-element elementor-element-53ef6d09 elementor-section-boxed elementor-section-height-default elementor-section-height-default wpr-particle-no wpr-jarallax-no wpr-parallax-no wpr-sticky-section-no wpr-equal-height-no\" data-id=\"53ef6d09\" data-element_type=\"section\" data-e-type=\"section\" data-settings=\"{&quot;_ob_glider_is_slider&quot;:&quot;no&quot;}\">\n\t\t\t\t\t\t<div class=\"elementor-container elementor-column-gap-default\">\n\t\t\t\t\t<div class=\"elementor-column elementor-col-100 elementor-top-column elementor-element elementor-element-372b344\" data-id=\"372b344\" data-element_type=\"column\" data-e-type=\"column\" data-settings=\"{&quot;_ob_column_hoveranimator&quot;:&quot;no&quot;,&quot;_ob_column_has_pseudo&quot;:&quot;no&quot;}\">\n\t\t\t<div class=\"elementor-widget-wrap elementor-element-populated\">\n\t\t\t\t\t\t<div class=\"elementor-element elementor-element-13de8d54 ob-harakiri-inherit ob-has-background-overlay elementor-widget elementor-widget-text-editor\" data-id=\"13de8d54\" data-element_type=\"widget\" data-e-type=\"widget\" data-settings=\"{&quot;_ob_use_harakiri&quot;:&quot;yes&quot;,&quot;_ob_harakiri_writing_mode&quot;:&quot;inherit&quot;,&quot;_ob_postman_use&quot;:&quot;no&quot;,&quot;_ob_widget_stalker_use&quot;:&quot;no&quot;,&quot;_ob_poopart_use&quot;:&quot;yes&quot;,&quot;_ob_shadough_use&quot;:&quot;no&quot;,&quot;_ob_allow_hoveranimator&quot;:&quot;no&quot;}\" data-widget_type=\"text-editor.default\">\n\t\t\t\t<div class=\"elementor-widget-container\">\n\t\t\t\t\t\t\t\t\t\n<p><span style=\"font-weight: 400;\">ALMA GLORIOUS BEAUTY would like to thank you for your interest in our products and also thank you for visiting our site. Our glorious and glorious that you're part of the big family glorious you are so important to us. We attach particular importance to the honesty, clarity, and accuracy, and we are committed to building a reliable relationship, sincere, real, solid and durable, with our glorious and our glorious, based on trust and sharing a win-win.<\/span><\/p>\n<p><span style=\"font-weight: 400;\">As part of this commitment, we thought it would be important for you to know about the way your information is collected, used, shared and secure from the site<\/span><a href=\"https:\/\/almagloriousbeauty.com\/en_ca\/\"> <span style=\"font-weight: 400;\">https:\/\/almagloriousbeauty.com\/<\/span><\/a><span style=\"font-weight: 400;\"> and social networks that you are connected to a desktop or a mobile device; in this sense, we have developed this policy which we hope will answer the different questions that you ask.<\/span><\/p>\n<h2 class=\"wp-block-heading\">\u00a0<\/h2>\n<p><b>THAT MEANS PERSONAL INFORMATION?<\/b><\/p>\n<p><span style=\"font-weight: 400;\">The term \"Personal Information\" means any information or any information that directly identifies you (Example : first and last name) or indirectly (e.g. the social insurance number), a natural person. Therefore, Personal information may be made up of different elements, such as your email address, your home address, your phone number, your various user names that are used in different platforms, profile photos, your purchasing habits, as well as things that you would prefer in a personal way up to your financial information; digital identifiers are unique, such as the IP address of your different devices and even the information generated by cookies.<\/span><\/p>\n<p><span style=\"font-weight: 400;\">However, when we talk about Personal Information, it does not include anonymised data because they do not identify you personally.<\/span><\/p>\n<h2 class=\"wp-block-heading\">\u00a0<\/h2>\n<p><b>WHAT INFORMATION ALMA GLORIOUS BEAUTY COLLECTS<\/b><\/p>\n<p><span style=\"font-weight: 400;\">We may collect the information that the glorious and glorious, we provide direct as well as those that are collected in an automatic way. We aggregate information that we collect through our website and digital advertising. This collection of information allows us to have an accurate picture of the glorious and glorious; and this in order to provide you with optimum service and personalized, such as your personal dashboard on the site.<\/span><\/p>\n<ul>\n<li style=\"font-weight: 400;\" aria-level=\"1\"><b>The information provided directly by the glorious and glorious<\/b><\/li>\n<\/ul>\n<p><span style=\"font-weight: 400;\">When you log on to our site, perform a registration, orders, or when you subscribe to the Glory Lover Rewards or participate in our promotions, we may collect, use, and host the information provided, including Personal Information.<\/span><\/p>\n<p><span style=\"font-weight: 400;\">\u00a0<\/span><\/p>\n<ul>\n<li aria-level=\"1\"><b>Information provided by the glorious and glorious via social media<\/b><\/li>\n<\/ul>\n<p><span style=\"font-weight: 400;\">We may also be required to provide you with access to our advertising content via social media, in this case, you may allow us to have access to certain information associated with your social media account such as your name, user name, email address, photos). We may use this information to validate your identity, to personalize your shopping experience and provide you with a better service and custom as your personal dashboard on the site.<\/span><\/p>\n<ul>\n<li aria-level=\"1\"><b>Cookies<\/b><\/li>\n<\/ul>\n<p><span style=\"font-weight: 400;\">Our site uses \" cookies \", which are small text files placed in the browser when the latter is used to visit the sites. They allow the site to remember certain information in connection with your visit in order to facilitate your next visit. If you feel it is necessary not to accept cookies, please do not hesitate to refuse.<\/span><\/p>\n<ul>\n<li aria-level=\"1\"><b>Web beacons<\/b><b><i> :<\/i><\/b><\/li>\n<\/ul>\n<p><span style=\"font-weight: 400;\">In order to assess the success of our Marketing campaigns, and compile statistics on the use of our website, we may use pixel tags to, among others, to ask your browser to get some of the content of other servers.<\/span><\/p>\t\t\t\t\t\t\t\t<\/div>\n\t\t\t\t<\/div>\n\t\t\t\t\t<\/div>\n\t\t<\/div>\n\t\t\t\t\t<\/div>\n\t\t<\/section>\n\t\t\t\t<\/div>","protected":false},"excerpt":{"rendered":"<p>ALMA GLORIOUS BEAUTY tient \u00e0 vous remercier de l\u2019int\u00e9r\u00eat que vous portez \u00e0 ses produits et vous remercie \u00e9galement de visiter notre site. Nos glorieux et glorieuses que vous \u00eates faites partie de la grande famille glorieuse vous \u00eates donc importants pour nous. Nous accordons une importance particuli\u00e8re \u00e0 l\u2019honn\u00eatet\u00e9, \u00e0 la clart\u00e9 et \u00e0 l\u2019exactitude et nous nous engageons \u00e0 b\u00e2tir une relation fiable, sinc\u00e8re, vraie, solide et durable avec nos glorieux et nos glorieuses, fond\u00e9e sur la confiance et un \u00e9change gagnant-gagnant. Dans le cadre de cet engagement, nous avons pens\u00e9 qu\u2019il serait important pour vous de conna\u00eetre la mani\u00e8re dont vos informations sont collect\u00e9es, utilis\u00e9es, partag\u00e9es et s\u00e9curis\u00e9es \u00e0 partir du site https:\/\/almagloriousbeauty.com\/ et des r\u00e9seaux sociaux que vous soyez connect\u00e9s sur un desktop ou un appareil mobile; dans ce sens, nous avons mis sur pied cette politique qui nous l\u2019esp\u00e9rons saura r\u00e9pondre aux diff\u00e9rentes questions que vous vous posez. \u00a0 QUE VEUT DIRE RENSEIGNEMENTS PERSONNELS? Le terme \u00ab Renseignements Personnels \u00bb d\u00e9signe toute information ou tout \u00e9l\u00e9ment d&rsquo;information permettant d\u2019identifier directement (Exemple : le nom et le pr\u00e9nom) ou indirectement (Exemple : le num\u00e9ro d\u2019assurance social) une personne physique. Par cons\u00e9quent, les renseignements Personnels peuvent \u00eatre constitu\u00e9s de diff\u00e9rents \u00e9l\u00e9ments tels que votre adresse courriel, votre adresse de domicile, votre num\u00e9ro de t\u00e9l\u00e9phone, vos diff\u00e9rents noms d\u2019utilisateurs utilis\u00e9s dans diff\u00e9rentes plateformes, vos photos de profil, m\u00eame vos habitudes d\u2019achat ainsi que des choses que vous pr\u00e9f\u00e9rez de mani\u00e8re personnelle jusqu\u2019\u00e0 vos renseignements financiers; identifiants num\u00e9riques uniques tels que l&rsquo;adresse IP de vos diff\u00e9rents appareils et m\u00eame l\u2019information g\u00e9n\u00e9r\u00e9e par des t\u00e9moins. Par contre, lorsqu\u2019on parle de Renseignements Personnels, il ne s\u2019agit pas des donn\u00e9es anonymis\u00e9es car ces derniers ne permettent pas de vous identifier de mani\u00e8re personnelle. \u00a0 QUELS RENSEIGNEMENTS ALMA GLORIOUS BEAUTY RECUEILLE Nous pouvons \u00eatre amen\u00e9s \u00e0 recueillir les renseignements que les glorieux et les glorieuses nous fournissent directement ainsi que ceux qui sont recueillis de mani\u00e8re automatique. Nous regroupons les renseignements que nous recueillons via notre site web et nos publicit\u00e9s num\u00e9riques. Ce recueil de renseignements nous permet d\u2019avoir un portrait juste des glorieux et des glorieuses; et ce dans le but de vous offrir un service optimal et personnalis\u00e9 tel que votre tableau de bord personnel sur le site. Renseignements fournis directement par les glorieux et les glorieuses Lorsque vous vous connectez sur notre site, effectuez une inscription, des commandes ou alors vous souscrivez au Glory Lover Rewards ou participez \u00e0 nos promotions, nous pouvons recueillir, utiliser et h\u00e9berger les renseignements fournis, y compris les Renseignements Personnels. \u00a0 Renseignements fournis par les glorieux et les glorieuses via les m\u00e9dias sociaux Nous pouvons \u00eatre \u00e9galement amen\u00e9s \u00e0 vous proposer d\u2019acc\u00e9der \u00e0 nos contenus publicitaires via m\u00e9dias sociaux dans ce cas, vous pouvez nous permettre d\u2019avoir acc\u00e8s \u00e0 certains renseignements li\u00e9s \u00e0 votre compte de m\u00e9dias sociaux comme votre nom, votre nom d&rsquo;utilisateur, votre adresse de courriel, vos photos). Nous pouvons utiliser ces informations pour valider votre identit\u00e9, personnaliser votre exp\u00e9rience d\u2019achat et vous offrir un service optimal et personnalis\u00e9 tel que votre tableau de bord personnel sur le site. Les t\u00e9moins Notre site utilise des \u00ab t\u00e9moins \u00bb, ce sont des petits fichiers texte plac\u00e9s dans sur navigateur lorsque ce dernier est utilis\u00e9 pour visiter des sites. Ils permettent au site de m\u00e9moriser certaines informations en lien avec votre visite afin de faciliter vos prochaines visites. Si vous jugez n\u00e9cessaire de ne pas accepter les t\u00e9moins, n\u2019h\u00e9sitez pas \u00e0 les refuser. Pixels invisibles : Dans le but d\u2019\u00e9valuer la r\u00e9ussite de nos campagnes Marketing, et recueillir des statistiques sur l\u2019utilisation de notre site Web, nous pouvons utiliser des pixels invisibles afin entre autres de demander \u00e0 votre navigateur d\u2019obtenir certains contenus d\u2019autres serveurs.<\/p>","protected":false},"author":1,"featured_media":0,"parent":0,"menu_order":0,"comment_status":"closed","ping_status":"closed","template":"","meta":{"site-sidebar-layout":"default","site-content-layout":"","ast-site-content-layout":"default","site-content-style":"default","site-sidebar-style":"default","ast-global-header-display":"","ast-banner-title-visibility":"","ast-main-header-display":"","ast-hfb-above-header-display":"","ast-hfb-below-header-display":"","ast-hfb-mobile-header-display":"","site-post-title":"","ast-breadcrumbs-content":"","ast-featured-img":"","footer-sml-layout":"","ast-disable-related-posts":"","theme-transparent-header-meta":"","adv-header-id-meta":"","stick-header-meta":"","header-above-stick-meta":"","header-main-stick-meta":"","header-below-stick-meta":"","astra-migrate-meta-layouts":"default","ast-page-background-enabled":"default","ast-page-background-meta":{"desktop":{"background-color":"var(--ast-global-color-4)","background-image":"","background-repeat":"repeat","background-position":"center center","background-size":"auto","background-attachment":"scroll","background-type":"","background-media":"","overlay-type":"","overlay-color":"","overlay-opacity":"","overlay-gradient":""},"tablet":{"background-color":"","background-image":"","background-repeat":"repeat","background-position":"center center","background-size":"auto","background-attachment":"scroll","background-type":"","background-media":"","overlay-type":"","overlay-color":"","overlay-opacity":"","overlay-gradient":""},"mobile":{"background-color":"","background-image":"","background-repeat":"repeat","background-position":"center center","background-size":"auto","background-attachment":"scroll","background-type":"","background-media":"","overlay-type":"","overlay-color":"","overlay-opacity":"","overlay-gradient":""}},"ast-content-background-meta":{"desktop":{"background-color":"var(--ast-global-color-5)","background-image":"","background-repeat":"repeat","background-position":"center center","background-size":"auto","background-attachment":"scroll","background-type":"","background-media":"","overlay-type":"","overlay-color":"","overlay-opacity":"","overlay-gradient":""},"tablet":{"background-color":"var(--ast-global-color-5)","background-image":"","background-repeat":"repeat","background-position":"center center","background-size":"auto","background-attachment":"scroll","background-type":"","background-media":"","overlay-type":"","overlay-color":"","overlay-opacity":"","overlay-gradient":""},"mobile":{"background-color":"var(--ast-global-color-5)","background-image":"","background-repeat":"repeat","background-position":"center center","background-size":"auto","background-attachment":"scroll","background-type":"","background-media":"","overlay-type":"","overlay-color":"","overlay-opacity":"","overlay-gradient":""}},"footnotes":""},"class_list":["post-3","page","type-page","status-publish","hentry"],"jetpack_sharing_enabled":true,"_links":{"self":[{"href":"https:\/\/almagloriousbeauty.com\/en_ca\/wp-json\/wp\/v2\/pages\/3","targetHints":{"allow":["GET"]}}],"collection":[{"href":"https:\/\/almagloriousbeauty.com\/en_ca\/wp-json\/wp\/v2\/pages"}],"about":[{"href":"https:\/\/almagloriousbeauty.com\/en_ca\/wp-json\/wp\/v2\/types\/page"}],"author":[{"embeddable":true,"href":"https:\/\/almagloriousbeauty.com\/en_ca\/wp-json\/wp\/v2\/users\/1"}],"replies":[{"embeddable":true,"href":"https:\/\/almagloriousbeauty.com\/en_ca\/wp-json\/wp\/v2\/comments?post=3"}],"version-history":[{"count":7,"href":"https:\/\/almagloriousbeauty.com\/en_ca\/wp-json\/wp\/v2\/pages\/3\/revisions"}],"predecessor-version":[{"id":1377,"href":"https:\/\/almagloriousbeauty.com\/en_ca\/wp-json\/wp\/v2\/pages\/3\/revisions\/1377"}],"wp:attachment":[{"href":"https:\/\/almagloriousbeauty.com\/en_ca\/wp-json\/wp\/v2\/media?parent=3"}],"curies":[{"name":"wp","href":"https:\/\/api.w.org\/{rel}","templated":true}]}}